{"id":3,"date":"2022-04-14T16:43:01","date_gmt":"2022-04-14T16:43:01","guid":{"rendered":"http:\/\/xn--arquitecturaydiseodeinteriores-u4c.com\/?page_id=3"},"modified":"2022-06-02T16:29:58","modified_gmt":"2022-06-02T16:29:58","slug":"privacy-policy","status":"publish","type":"page","link":"https:\/\/xn--arquitecturaydiseodeinteriores-u4c.com\/?page_id=3","title":{"rendered":"Privacy Policy"},"content":{"rendered":"\n<p><strong>POL\u00cdTICA DE PRIVACIDAD<\/strong><\/p>\n\n\n\n<p>\u00bfQUI\u00c9N ES EL RESPONSABLE DEL TRATAMIENTO DE SUS DATOS?<\/p>\n\n\n\n<p>Identidad: LiDesign<\/p>\n\n\n\n<p>Dir. Postal: Condesa CDMX, M\u00e9xico.<\/p>\n\n\n\n<p>Tel\u00e9fono: 55 2111 9336<\/p>\n\n\n\n<p>Correo electr\u00f3nico: hola@arquitecturaydise\u00f1odeinteriores.com<\/p>\n\n\n\n<p>DELEGADO DE PROTECCI\u00d3N DE DATOS<\/p>\n\n\n\n<p>Contacto : hola@arquitecturaydise\u00f1odeinteriores.com<\/p>\n\n\n\n<p>Conforme a la legislaci\u00f3n vigente en materia de Protecci\u00f3n de Datos de Car\u00e1cter Personal, LiDesign informa al\/los usuario\/s (el\/los \u201cUsuario\/s\u201d) del Sitio Web www.arquitecturaydise\u00f1odeinteriores.com (en adelante, la \u201cWeb\u201d) acerca de la Pol\u00edtica de Privacidad que aplicar\u00e1 en el tratamiento de los datos personales que el Usuario facilite ya sea al registrarse en la Web mediante la cumplimentaci\u00f3n del formulario de registro habilitado al efecto en los mismos, al suscribirse a la newsletter, as\u00ed como durante el proceso de compra o en las interactuaciones que realice con LiDesign<\/p>\n\n\n\n<p>El Usuario, al proporcionar a LiDesign sus datos de car\u00e1cter personal, consentir\u00e1 expresamente mediante el mecanismo habilitado al efecto, que LiDesign pueda tratar esos datos en los t\u00e9rminos establecidos en la presente Pol\u00edtica de Privacidad, lo que constituir\u00e1 la base legal para su tratamiento.<\/p>\n\n\n\n<p>\u00bfQU\u00c9 TIPO DE INFORMACI\u00d3N PERSONAL RECOPILAMOS?<\/p>\n\n\n\n<p>LiDesign puede recopilar informaci\u00f3n personal de los Usuarios de la Plataforma a trav\u00e9s de los formularios correspondientes, es decir, nombre, direcci\u00f3n de correo electr\u00f3nico, direcci\u00f3n postal y\/o n\u00famero de tel\u00e9fono cuando el Usuario visita la Plataforma, se registra, realiza un pedido online o se pone en contacto con hola@arquitecturaydise\u00f1odeinteriores.com.<\/p>\n\n\n\n<p>Adem\u00e1s, LiDesign recopila toda la informaci\u00f3n relativa a su navegaci\u00f3n en la Plataforma y su interacci\u00f3n con la marca.<\/p>\n\n\n\n<p>El hecho de no facilitar cierta informaci\u00f3n se\u00f1alada como obligatoria, puede conllevar que no sea posible gestionar su registro como usuario o el uso de determinadas funcionalidades o servicios disponibles a trav\u00e9s de la Plataforma.<\/p>\n\n\n\n<p>Los datos que voluntariamente facilite el Usuario durante la utilizaci\u00f3n de la Web ser\u00e1n incluidos en un fichero titularidad de LiDesign para su tratamiento con las finalidades indicadas en la presente Pol\u00edtica de Privacidad. De conformidad con la legislaci\u00f3n vigente en materia de protecci\u00f3n de datos de car\u00e1cter personal y en particular, en lo establecido en el Reglamento y en (UE) 2016\/679 de 27 de abril de 2016 relativo a la protecci\u00f3n de las personas f\u00edsicas en lo que respecta al tratamiento de datos personales y a la libre circulaci\u00f3n de estos datos y por el que se deroga la Directiva 95\/46\/CE, LiDesign mantendr\u00e1 el correspondiente registro de actividades de tratamiento de datos personales.<\/p>\n\n\n\n<p>LiDesign ha adoptado las medidas necesarias de \u00edndole t\u00e9cnica y organizativa para mantener el nivel de seguridad requerido, seg\u00fan la naturaleza de los datos personales tratados y las circunstancias del tratamiento, con el objeto de evitar, en la medida de lo posible y siempre seg\u00fan el estado de la t\u00e9cnica, su alteraci\u00f3n, p\u00e9rdida, tratamiento o acceso no autorizado.<\/p>\n\n\n\n<p>\u00bfCON QU\u00c9 FINALIDAD TRATAMOS LOS DATOS PERSONALES?<\/p>\n\n\n\n<p>Los datos de car\u00e1cter personal que nos proporciona y los que nos facilite en cualquier momento ser\u00e1n incluidos en un fichero automatizado del que es responsible LiDesign atendiendo a las siguientes finalidades:<\/p>\n\n\n\n<p>a)&nbsp;&nbsp;&nbsp;&nbsp;&nbsp;&nbsp;&nbsp;&nbsp; Gestionar su registro como usuario en nuestra Plataforma<\/p>\n\n\n\n<p>b)&nbsp;&nbsp;&nbsp;&nbsp;&nbsp;&nbsp;&nbsp;&nbsp; Desarrollar, cumplir y ejecutar el contrato de compraventa celebrado al haber adquirido productos de LiDesign<\/p>\n\n\n\n<p>c) &nbsp;&nbsp;&nbsp;&nbsp;&nbsp;&nbsp;&nbsp; Informar, tramitar, gestionar y enviar su pedido (y eventual devoluci\u00f3n) as\u00ed como el perfeccionamiento del contrato de compraventa de los productos que usted haya adquirido.<\/p>\n\n\n\n<p>d)&nbsp;&nbsp;&nbsp;&nbsp;&nbsp;&nbsp;&nbsp; Contactar con usted a trav\u00e9s de correo electr\u00f3nico, llamadas telef\u00f3nicas, env\u00edo de SMS u otros medios de comunicaci\u00f3n electr\u00f3nicos equivalentes, en relaci\u00f3n a actualizaciones o comunicaciones informativas relacionadas con las funcionalidades, productos o servicios contratados, incluidas actualizaciones de seguridad de la Plataforma, siempre que sea necesario o razonable para su ejecuci\u00f3n.<\/p>\n\n\n\n<p>e)&nbsp;&nbsp;&nbsp;&nbsp;&nbsp;&nbsp;&nbsp;&nbsp; Atender y seguir las consultas y solicitudes que usted nos dirija a trav\u00e9s de nuestro servicio de Atenci\u00f3n al cliente o en nuestras tiendas.<\/p>\n\n\n\n<p>f) &nbsp;&nbsp;&nbsp;&nbsp;&nbsp;&nbsp;&nbsp; Proporcionarle informaci\u00f3n acerca de los productos comercializados por LiDesign as\u00ed como cualesquiera otro complementario, incluyendo por relaci\u00f3n a dichos productos, el env\u00edo de futuras ofertas comerciales y publicitarias por cualquier canal de comunicaci\u00f3n disponible, incluido mensajes sms a m\u00f3vil, correo electr\u00f3nico, etc<\/p>\n\n\n\n<p>g)&nbsp;&nbsp;&nbsp;&nbsp;&nbsp;&nbsp;&nbsp;&nbsp; Elaboraci\u00f3n de perfiles de usuarios<\/p>\n\n\n\n<p>h)&nbsp;&nbsp;&nbsp;&nbsp;&nbsp;&nbsp;&nbsp;&nbsp; Realizar estudios de mercado y estad\u00edsticas de nuestros productos.<\/p>\n\n\n\n<p>\u00bfPOR CU\u00c1NTO TIEMPO CONSERVAREMOS LOS DATOS?.<\/p>\n\n\n\n<p>Los datos personales proporcionados se conservar\u00e1n mientras se mantenga la relaci\u00f3n mercantil o aquella que origin\u00f3 el tratamiento. Si decide cancelar sus datos personales, estos podr\u00e1n conservarse en nuestras bases de datos durante los plazos previstos por la legislaci\u00f3n para poder cumplir con las obligaciones fiscales y contables, y ser\u00e1n eliminados una vez hayan prescrito dichos plazos legales o aquellos que sean de aplicaci\u00f3n.<\/p>\n\n\n\n<p>SUSCRIPCI\u00d3N A LA NEWSLETTER<\/p>\n\n\n\n<p>En el caso de que autorice su suscripci\u00f3n a la Newsletter de LiDesign, le proporcionaremos informaci\u00f3n acerca de nuestros productos y servicios, a trav\u00e9s de diversos medios como, entre otros, correo electr\u00f3nico, cualquier otro medio de comunicaci\u00f3n electr\u00f3nica equivalente, como SMS.<\/p>\n\n\n\n<p>La subscripci\u00f3n a la Newsletter de LiDesign puede conllevar el uso de sus datos personales para poner a su disposici\u00f3n publicidad personalizada, relacionada con nuestros productos y servicios a trav\u00e9s de e-mails, SMS, u otros medios electr\u00f3nicos propios o de terceros colaboradores. De cara a mejorar la atenci\u00f3n que le prestamos, le informamos que los datos personales relativos a sus compras en nuestras tiendas online y f\u00edsicas, gustos y preferencias pueden ser utilizados con fines de an\u00e1lisis, generaci\u00f3n de perfiles de uso, estudios de marketing, encuestas de calidad y mejora de la interacci\u00f3n con nuestros clientes.<\/p>\n\n\n\n<p>En caso de ser un usuario registrado, puede cambiar sus preferencias en relaci\u00f3n al env\u00edo de tales comunicaciones comerciales a trav\u00e9s de hola@arquitecturaydise\u00f1odeinteriores.com o de la funcionalidad que pudiese existir a tal efecto en la Plataforma.<\/p>\n\n\n\n<p>Asimismo, podr\u00e1 dar de baja su suscripci\u00f3n a trav\u00e9s del link habilitado a tal efecto en cada una de nuestras newsletters y siguiendo las indicaciones que se le proporcionan.<\/p>\n\n\n\n<p>\u00bfQU\u00c9 NOS LEGITIMA PARA TRATAR LOS DATOS?<\/p>\n\n\n\n<p>La base legal para el tratamiento de sus datos como cliente es la relaci\u00f3n contractual establecida al haber adquirido productos de LiDesign y el cumplimiento de las obligaciones mercantiles, fiscales y contables.<\/p>\n\n\n\n<p>La comunicaci\u00f3n de ofertas y promociones, el env\u00edo de publicidad por cualquier medio de comunicaci\u00f3n, as\u00ed como la elaboraci\u00f3n de perfiles y la cesi\u00f3n de sus datos personales a terceros, est\u00e1n basados en el consentimiento expreso que se le solicita.<\/p>\n\n\n\n<p>\u00bfA QU\u00c9 TERCEROS PODEMOS COMUNICAR LOS DATOS?<\/p>\n\n\n\n<p>Con el fin de ofrecerle un servicio de calidad, LiDesign se encuentra obligado a facilitar determinados datos de sus usuarios a otras empresas que colaboran con la prestaci\u00f3n del servicio (transportistas, entidades financieras, empresas de mensajer\u00eda, empresas de env\u00edo de comunicaciones, empresas de elaboraci\u00f3n de perfiles, etc.). En todos los casos, los datos que se facilitan son los estrictamente necesarios para la actividad concreta que se vaya a realizar.<\/p>\n\n\n\n<p>Mediante la aceptaci\u00f3n de la presente Pol\u00edtica de Privacidad, usted autoriza expresamente a LiDesign, a que los datos de car\u00e1cter personal que nos proporciona puedan ser cedidos a otras empresas del grupo o terceros colaboradores de LiDesign est\u00e9n dentro o fuera del territorio nacional, y ofrezcan un nivel de protecci\u00f3n equiparable al establecido en el Reglamentos y de (UE) 2016\/679 del Parlamento Europeo y del Consejo de 27 de abril de 2016 (GDPR), en la Ley Org\u00e1nica 15\/99 de 13 de diciembre de Protecci\u00f3n de Datos de Car\u00e1cter Personal (LOPD), y en la dem\u00e1s normativa vigente sobre la materia.<\/p>\n\n\n\n<p>En todo caso, los terceros con los cuales se compartan determinados datos de car\u00e1cter personal habr\u00e1n acreditado con car\u00e1cter previo la adopci\u00f3n de medidas t\u00e9cnicas y organizativas adecuadas para la correcta protecci\u00f3n de los mismos.<\/p>\n\n\n\n<p>LiDesign no vende en ning\u00fan caso datos de clientes a terceros.<\/p>\n\n\n\n<p>\u00bfCU\u00c1LES SON SUS DERECHOS EN RELACI\u00d3N CON LOS DATOS PERSONALES?<\/p>\n\n\n\n<p>El Usuario podr\u00e1 ejercer sus derechos de acceso, rectificaci\u00f3n, supresi\u00f3n y oposici\u00f3n, as\u00ed como la limitaci\u00f3n y portabilidad de sus datos en cumplimiento de lo establecido en la normativa vigente de protecci\u00f3n de datos. El ejercicio de estos derechos deber\u00e1 realizarse mediante comunicaci\u00f3n por escrito firmada por el titular de los datos, con indicaci\u00f3n de su domicilio, adjuntando copia de su Documento Nacional de Identidad u otro documento acreditativo, dirigi\u00e9ndose a LiDesign al correo electr\u00f3nico indicado en la cabecera.<\/p>\n\n\n\n<p>Asimismo, el Usuario podr\u00e1 oponerse al env\u00edo de comunicaciones comerciales de LiDesign y retirar su consentimiento sin que ello afecte a la licitud del tratamiento de sus datos personales con otras finalidades.<\/p>\n\n\n\n<p>LiDesign informa a sus Usuarios de la posibilidad que tienen de presentar una reclamaci\u00f3n ante la Protecci\u00f3n de Datos en caso de que entiendan que no se ha obtenido la correcta asistencia en el ejercicio de los derechos citados en el presente apartado.<\/p>\n\n\n\n<p><strong>POL\u00cdTICA DE COOKIES<\/strong><\/p>\n\n\n\n<p>Informaci\u00f3n sobre Cookies<\/p>\n\n\n\n<p>\u00bfQu\u00e9 es una cookie?<\/p>\n\n\n\n<p>Una Cookie es un peque\u00f1o fichero de texto que un sitio web coloca en su PC, tel\u00e9fono o cualquier otro dispositivo, con informaci\u00f3n sobre su navegaci\u00f3n en dicho sitio. Las Cookies son necesarias para facilitar la navegaci\u00f3n y hacerla m\u00e1s amigable, y no da\u00f1an su ordenador.<\/p>\n\n\n\n<p>Si bien en la presente pol\u00edtica se utiliza el t\u00e9rmino general de \u201cCookie\u201d, pues es el principal m\u00e9todo de almacenamiento de informaci\u00f3n que utiliza este sitio web, tambi\u00e9n es utilizado el espacio de \u201cAlmacenamiento local\u201d del navegador para los mismos prop\u00f3sitos que las Cookies. En este sentido, toda la informaci\u00f3n incluida en esta secci\u00f3n es aplicable igualmente a este \u201cAlmacenamiento local\u201d.<\/p>\n\n\n\n<p>\u00bfPara qu\u00e9 se utilizan las Cookies en este sitio web?<\/p>\n\n\n\n<p>Las Cookies son una parte esencial de c\u00f3mo funciona nuestro sitio web. El objetivo principal de nuestras Cookies es mejorar su experiencia en la navegaci\u00f3n. Por ejemplo, son utilizadas para recordar sus preferencias (idioma, pa\u00eds, etc.) durante la navegaci\u00f3n y en futuras visitas.<\/p>\n\n\n\n<p>La informaci\u00f3n recogida en las Cookies nos permite, adem\u00e1s, mejorar la web mediante estimaciones sobre n\u00fameros y patrones de uso, la adaptaci\u00f3n del sitio web a los intereses individuales de los usuarios, la aceleraci\u00f3n de las b\u00fasquedas, etc.<\/p>\n\n\n\n<p>En ocasiones, si hemos obtenido su previo consentimiento informado, podremos utilizar Cookies, tags u otros dispositivos similares para obtener informaci\u00f3n que nos permita mostrarle desde nuestro sitio web, los de terceros, o cualquier otro medio o publicidad basada en el an\u00e1lisis de sus h\u00e1bitos de navegaci\u00f3n.<\/p>\n\n\n\n<p>\u00bfPara qu\u00e9 NO se utilizan las Cookies en esta web?<\/p>\n\n\n\n<p>Nosotros no almacenamos informaci\u00f3n sensible de identificaci\u00f3n personal como su direcci\u00f3n, su contrase\u00f1a, los datos de su tarjeta de cr\u00e9dito o d\u00e9bito, etc., en las Cookies que utilizamos.<\/p>\n\n\n\n<p>\u00bfQui\u00e9n utiliza la informaci\u00f3n almacenada en las Cookies?<\/p>\n\n\n\n<p>La informaci\u00f3n almacenada en las Cookies de nuestro sitio web es utilizada exclusivamente por nosotros, a excepci\u00f3n de aquellas identificadas m\u00e1s adelante como \u201cCookies de terceros\u201d, que son utilizadas y gestionadas por entidades externas para proporcionarnos servicios solicitados por nosotros para mejorar nuestros servicios y la experiencia del usuario al navegar en nuestro sitio web. Los principales servicios para los que se utilizan estas \u201cCookies de terceros\u201d son la obtenci\u00f3n de estad\u00edsticas de accesos y garantizar las operaciones de pago realizadas.<\/p>\n\n\n\n<p>\u00bfC\u00f3mo puedo evitar el uso de Cookies en este sitio web?<\/p>\n\n\n\n<p>Si usted prefiere evitar el uso de Cookies en esta p\u00e1gina teniendo en cuenta las limitaciones anteriores debe, en primer lugar, deshabilitar en su navegador el uso de Cookies y, en segundo lugar, eliminar las Cookies guardadas en su navegador asociadas a este sitio web.<\/p>\n\n\n\n<p>Esta posibilidad de evitar el uso de Cookies puede ser llevada a cabo por usted en cualquier momento.<\/p>\n\n\n\n<p>\u00bfC\u00f3mo deshabilito y elimino la utilizaci\u00f3n de Cookies?<\/p>\n\n\n\n<p>Para restringir, bloquear o borrar las Cookies de este sitio web puede hacerlo, en cualquier momento, modificando la configuraci\u00f3n de su navegador conforme a las pautas que se indican a continuaci\u00f3n. Si bien la parametrizaci\u00f3n de cada navegador es diferente, es habitual que la configuraci\u00f3n de las Cookies se realice en el men\u00fa de \u201cPreferencias\u201d o \u201cHerramientas\u201d. Para m\u00e1s detalle sobre la configuraci\u00f3n de las Cookies en su navegador, consulte el men\u00fa &#8220;Ayuda&#8221; del mismo.<\/p>\n\n\n\n<p>\u00bfQu\u00e9 Cookies concretas utiliza este sitio web y para qu\u00e9 finalidades?<\/p>\n\n\n\n<p>A continuaci\u00f3n se hace una referencia con las Cookies, tags u otros dispositivos similares utilizados por este sitio web, junto con la informaci\u00f3n sobre su prop\u00f3sito (propia o por terceros) de cada uno de ellos.<\/p>\n\n\n\n<p>PROPIAS<\/p>\n\n\n\n<ul><li>Identificaci\u00f3n del usuario<\/li><li>Identificaci\u00f3n de la sesi\u00f3n<\/li><li>Estado de navegaci\u00f3n<\/li><li>Selecciones del usuario, por ejemplo, pa\u00eds e idioma<\/li><li>Favoritos<\/li><li>Cesta de la compra<\/li><li>Protocolos, para gestionar los dominios<\/li><\/ul>\n\n\n\n<p>TERCEROS<\/p>\n\n\n\n<ul><li>Google \u2013 Se utiliza con fines de publicidad y para conocer los h\u00e1bitos de navegaci\u00f3n en cada sesi\u00f3n<\/li><li>Facebook \u2013 Se utiliza con fines de publicidad<\/li><\/ul>\n\n\n\n<p><strong>AVISO DE COOKIES<\/strong><\/p>\n\n\n\n<p>Utilizamos cookies propias y de terceros con finalidades anal\u00edticas y para mostrarte publicidad relacionada con sus preferencias a partir de sus h\u00e1bitos de navegaci\u00f3n y tu perfil. Puedes aceptar todas las cookies pulsando el bot\u00f3n \u201cAceptar todas las cookies\u201d. Para m\u00e1s informaci\u00f3n puedes visitar nuestra <strong>Pol\u00edtica de cookies<\/strong><\/p>\n","protected":false},"excerpt":{"rendered":"<p>POL\u00cdTICA DE PRIVACIDAD \u00bfQUI\u00c9N ES EL RESPONSABLE DEL TRATAMIENTO DE SUS DATOS? Identidad: LiDesign Dir. Postal: Condesa CDMX, M\u00e9xico. Tel\u00e9fono: 55 2111 9336 Correo electr\u00f3nico: hola@arquitecturaydise\u00f1odeinteriores.com DELEGADO DE PROTECCI\u00d3N DE DATOS Contacto : hola@arquitecturaydise\u00f1odeinteriores.com Conforme a la legislaci\u00f3n vigente en materia de Protecci\u00f3n de Datos de Car\u00e1cter Personal, LiDesign informa al\/los usuario\/s (el\/los \u201cUsuario\/s\u201d) del &hellip;<\/p>\n<p class=\"read-more\"> <a class=\"\" href=\"https:\/\/xn--arquitecturaydiseodeinteriores-u4c.com\/?page_id=3\"> <span class=\"screen-reader-text\">Privacy Policy<\/span> Read More &raquo;<\/a><\/p>\n","protected":false},"author":1,"featured_media":0,"parent":0,"menu_order":0,"comment_status":"closed","ping_status":"open","template":"","meta":{"site-sidebar-layout":"default","site-content-layout":"default","ast-main-header-display":"","ast-hfb-above-header-display":"","ast-hfb-below-header-display":"","ast-hfb-mobile-header-display":"","site-post-title":"","ast-breadcrumbs-content":"","ast-featured-img":"","footer-sml-layout":"","theme-transparent-header-meta":"","adv-header-id-meta":"","stick-header-meta":"","header-above-stick-meta":"","header-main-stick-meta":"","header-below-stick-meta":""},"_links":{"self":[{"href":"https:\/\/xn--arquitecturaydiseodeinteriores-u4c.com\/index.php?rest_route=\/wp\/v2\/pages\/3"}],"collection":[{"href":"https:\/\/xn--arquitecturaydiseodeinteriores-u4c.com\/index.php?rest_route=\/wp\/v2\/pages"}],"about":[{"href":"https:\/\/xn--arquitecturaydiseodeinteriores-u4c.com\/index.php?rest_route=\/wp\/v2\/types\/page"}],"author":[{"embeddable":true,"href":"https:\/\/xn--arquitecturaydiseodeinteriores-u4c.com\/index.php?rest_route=\/wp\/v2\/users\/1"}],"replies":[{"embeddable":true,"href":"https:\/\/xn--arquitecturaydiseodeinteriores-u4c.com\/index.php?rest_route=%2Fwp%2Fv2%2Fcomments&post=3"}],"version-history":[{"count":1,"href":"https:\/\/xn--arquitecturaydiseodeinteriores-u4c.com\/index.php?rest_route=\/wp\/v2\/pages\/3\/revisions"}],"predecessor-version":[{"id":704,"href":"https:\/\/xn--arquitecturaydiseodeinteriores-u4c.com\/index.php?rest_route=\/wp\/v2\/pages\/3\/revisions\/704"}],"wp:attachment":[{"href":"https:\/\/xn--arquitecturaydiseodeinteriores-u4c.com\/index.php?rest_route=%2Fwp%2Fv2%2Fmedia&parent=3"}],"curies":[{"name":"wp","href":"https:\/\/api.w.org\/{rel}","templated":true}]}}